{"id":14657,"date":"2020-07-17T01:02:21","date_gmt":"2020-07-17T05:02:21","guid":{"rendered":"https:\/\/mdcdsa.org\/inicio\/"},"modified":"2024-03-20T20:34:01","modified_gmt":"2024-03-21T00:34:01","slug":"inicio","status":"publish","type":"page","link":"https:\/\/mdcdsa.org\/es\/","title":{"rendered":"Inicio"},"content":{"rendered":"\t\t<div data-elementor-type=\"wp-page\" data-elementor-id=\"14657\" class=\"elementor elementor-14657 elementor-5\">\n\t\t\t\t\t\t<section class=\"elementor-section elementor-top-section elementor-element elementor-element-2ab38d7d elementor-section-boxed elementor-section-height-default elementor-section-height-default\" data-id=\"2ab38d7d\" data-element_type=\"section\" data-e-type=\"section\">\n\t\t\t\t\t\t<div class=\"elementor-container elementor-column-gap-default\">\n\t\t\t\t\t<div class=\"elementor-column elementor-col-100 elementor-top-column elementor-element elementor-element-26b4005a\" data-id=\"26b4005a\" data-element_type=\"column\" data-e-type=\"column\">\n\t\t\t<div class=\"elementor-widget-wrap elementor-element-populated\">\n\t\t\t\t\t\t<div class=\"elementor-element elementor-element-33622b2c elementor-widget elementor-widget-text-editor\" data-id=\"33622b2c\" data-element_type=\"widget\" data-e-type=\"widget\" data-widget_type=\"text-editor.default\">\n\t\t\t\t<div class=\"elementor-widget-container\">\n\t\t\t\t\t\t\t\t\t<style>\n.ics-calendar-title {font-size:32px;}\n.ics-calendar-label {font-size: 28px; text-decoration: underline;}\n.ics-calendar-date {font-size: 24px}\n.ics-calendar-color-key {display: none;}\n<\/style>\n<div class=\"wp-block-cover alignfull has-background-dim-30 has-background-dim mb-0 mt-0\" style=\"background-image: url('https:\/\/mdcdsa.org\/wp-content\/uploads\/2020\/07\/crop-0-0-1440-960-0-grey-banner.png'); min-height: 418px;\">\n<div class=\"wp-block-cover__inner-container\">\n<div class=\"wp-block-jetpack-layout-grid alignfull column1-desktop-grid__span-12 column1-desktop-grid__row-1 column1-tablet-grid__span-8 column1-tablet-grid__row-1 column1-mobile-grid__span-4 column1-mobile-grid__row-1 are-vertically-aligned-center\">\n<div class=\"wp-block-jetpack-layout-grid-column wp-block-jetpack-layout-grid__padding-none is-vertically-aligned-center\">\n<div style=\"display: inline-block; padding: .01em .3em; background-color: #fff; color: #000000; font-size: min(4em, calc(1em + 2.3vw)); text-align: center; border-radius: .1em; font-weight: bold; margin: .2em;\">\n<p style=\"margin-bottom: 0;\">METRO DC<\/p>\n\n<\/div>\n&nbsp;\n<div style=\"display: inline-block; padding: .01em .3em; background-color: #fff; color: #da3934; font-size: min(4em, calc(1em + 2.3vw)); text-align: center; font-weight: bold; margin: .2em;\">\n<p style=\"margin-bottom: 0;\">SOCIALISTAS DEMOCR\u00c1TICOS<\/p>\n\n<\/div>\n&nbsp;\n<div style=\"display: inline-block; padding: .01em .3em; background-color: #fff; color: #da3934; font-size: min(4em, calc(1em + 2.3vw)); text-align: center; border-radius: .1em; font-weight: bold; margin: .2em;\">\n<p style=\"margin-bottom: 0;\">DE AM\u00c9RICA<\/p>\n\n<\/div>\n<\/div>\n<\/div>\n<\/div>\n<\/div>\n<div class=\"wp-block-group alignfull has-background-background-color has-background mt-0 has-no-padding\">\n<div class=\"wp-block-group__inner-container\">\n<div class=\"wp-block-jetpack-layout-grid alignfull column1-desktop-grid__span-10 column1-desktop-grid__start-2 column1-desktop-grid__row-1 column1-tablet-grid__span-8 column1-tablet-grid__row-1 column1-mobile-grid__span-4 column1-mobile-grid__row-1 wp-block-jetpack-layout-gutter__nowrap wp-block-jetpack-layout-gutter__none\">\n<div class=\"wp-block-jetpack-layout-grid-column wp-block-jetpack-layout-grid__padding-none\">\n<div style=\"display: inline-block; padding: .5em; background-color: #da3934; color: #ffffff; font-size: min(2.3em, calc(0.75em + 3vw)); text-align: center; border-radius: .1em; font-weight: bold;\">\n<p style=\"margin-bottom: 0; line-height: 1;\">ORGANIZAMOS<\/p>\n\n<\/div>\npara construir la democracia en el lugar de trabajo, exigir el derecho a la vivienda, hacer frente a los especuladores de la detenci\u00f3n de inmigrantes, plantar cara a Amazon, garantizar una transici\u00f3n justa y luchar contra el fascismo. La membres\u00eda de la DSA es actualmente la mayor de nuestra historia, con aproximadamente 70.000 miembros nacionales y creciendo d\u00eda a d\u00eda. Nuestra organizaci\u00f3n est\u00e1 en constante evoluci\u00f3n para hacer frente a los retos que plantean el capitalismo, el fascismo y la desigualdad sist\u00e9mica.\n<div class=\"wp-block-buttons\">\n<div class=\"wp-block-button is-style-outline\"><a class=\"wp-block-button__link has-foreground-color has-background-background-color has-text-color has-background\" href=\"https:\/\/mdcdsa.org\/about\/\">M\u00e1s informaci\u00f3n<\/a><\/div>\n<div class=\"wp-block-button is-style-outline\"><a class=\"wp-block-button__link has-foreground-color has-background-background-color has-text-color has-background\" href=\"https:\/\/washingtonsocialist.mdcdsa.org\/linkhub\">Consulte nuestro \u00c1rbol de enlaces<\/a><\/div>\n<\/div>\n<div class=\"wp-block-columns\">\n<div class=\"wp-block-column\">\n<figure class=\"wp-block-image size-large\"><img fetchpriority=\"high\" decoding=\"async\" width=\"7999\" height=\"4497\" data-recalc-dims=\"1\" class=\"wp-image-109\" src=\"https:\/\/i0.wp.com\/mdcdsa.org\/wp-content\/uploads\/2020\/07\/fp_news.png?w=580&#038;ssl=1\" alt=\"\"><\/figure>\n<strong><a href=\"https:\/\/mdcdsa.org\/subscribe\/\" data-type=\"page\" data-id=\"1896\">Noticias y actualizaciones<\/a><\/strong>\n\nNuestro bolet\u00edn le mantendr\u00e1 al d\u00eda sobre eventos, recursos y noticias.\n\n<\/div>\n<div class=\"wp-block-column\">\n<figure class=\"wp-block-image size-large\"><img decoding=\"async\" width=\"1920\" height=\"1080\" data-recalc-dims=\"1\" class=\"wp-image-122\" src=\"https:\/\/i0.wp.com\/mdcdsa.org\/wp-content\/uploads\/2020\/07\/endorsements_6.29.png?w=580&#038;ssl=1\" alt=\"\"><\/figure>\n<strong><a href=\"https:\/\/mdcdsa.org\/endorsements\/\" data-type=\"page\" data-id=\"77\">Avales<\/a><\/strong>\n\nM\u00e1s informaci\u00f3n sobre nuestro proceso de apoyo y los candidatos respaldados.\n\n<\/div>\n<\/div>\n\n<hr class=\"wp-block-separator is-style-default\">\n\n<div class=\"wp-block-media-text alignfull is-stacked-on-mobile\" style=\"grid-template-columns: 40% auto;\">\n<figure class=\"wp-block-media-text__media\"><a href=\"https:\/\/mdcdsa.org\/metro-dc-dsa-calendar-of-events\/\"><img decoding=\"async\" width=\"1920\" height=\"1080\" data-recalc-dims=\"1\" class=\"wp-image-121 size-full\" src=\"https:\/\/i0.wp.com\/mdcdsa.org\/wp-content\/uploads\/2020\/07\/events_6.29.png?w=580&#038;ssl=1\" alt=\"Gr\u00e1fico de un calendario encuadernado en espiral\"><\/a><\/figure>\n<div class=\"wp-block-media-text__content\">\n\n<div class=\"r34ics-ajax-container loading\" id=\"r69ef2643c272c45\" data-view=\"list\" data-view-is-list-style=\"1\" data-view-is-list-long=\"0\" data-args=\"f366f3d97e934fa02eaaedc81baf21d1e4f57d95\" data-js-args=\"{&quot;debug&quot;:null}\">&nbsp;<\/div>\n<div class=\"wp-block-buttons\">\n\n&nbsp;\n\n<form action=\"https:\/\/mdcdsa.org\/metro-dc-dsa-calendar-of-events\/\"><button class=\"wp-block-button is-style-outline\" style=\"background-color: #da3934; color: white; border-radius: 5px;\" type=\"submit\">Calendario de actos<\/button><\/form><\/div>\n<\/div>\n<\/div>\n\n<hr class=\"wp-block-separator is-style-default\">\n\n<div class=\"wp-block-media-text alignfull is-stacked-on-mobile\" style=\"grid-template-columns: 40% auto;\">\n<figure class=\"wp-block-media-text__media\"><img loading=\"lazy\" decoding=\"async\" data-recalc-dims=\"1\" class=\"alignnone wp-image-6554\" src=\"https:\/\/i0.wp.com\/mdcdsa.org\/wp-content\/uploads\/2021\/08\/washington_socialist_aug_2021.png?resize=472%2C266&#038;ssl=1\" alt=\"\" width=\"472\" height=\"266\" srcset=\"https:\/\/i0.wp.com\/mdcdsa.org\/wp-content\/uploads\/2021\/08\/washington_socialist_aug_2021.png?w=1920&amp;ssl=1 1920w, https:\/\/i0.wp.com\/mdcdsa.org\/wp-content\/uploads\/2021\/08\/washington_socialist_aug_2021.png?resize=300%2C169&amp;ssl=1 300w, https:\/\/i0.wp.com\/mdcdsa.org\/wp-content\/uploads\/2021\/08\/washington_socialist_aug_2021.png?resize=1024%2C576&amp;ssl=1 1024w, https:\/\/i0.wp.com\/mdcdsa.org\/wp-content\/uploads\/2021\/08\/washington_socialist_aug_2021.png?resize=768%2C432&amp;ssl=1 768w, https:\/\/i0.wp.com\/mdcdsa.org\/wp-content\/uploads\/2021\/08\/washington_socialist_aug_2021.png?resize=1536%2C864&amp;ssl=1 1536w, https:\/\/i0.wp.com\/mdcdsa.org\/wp-content\/uploads\/2021\/08\/washington_socialist_aug_2021.png?resize=1200%2C675&amp;ssl=1 1200w, https:\/\/i0.wp.com\/mdcdsa.org\/wp-content\/uploads\/2021\/08\/washington_socialist_aug_2021.png?w=1740&amp;ssl=1 1740w\" sizes=\"(max-width: 472px) 100vw, 472px\" \/><\/figure>\n<div class=\"wp-block-media-text__content\">\n<h4>Socialista de Washington<\/h4>\n<p class=\"has-small-font-size\" style=\"line-height: 1.1;\">La publicaci\u00f3n mensual Washington Socialist informa a los lectores sobre aspectos perennes y en evoluci\u00f3n del socialismo democr\u00e1tico. Cada n\u00famero incluye ensayos, res\u00famenes y art\u00edculos sobre temas orientados a campa\u00f1as locales espec\u00edficas y al an\u00e1lisis socialista.<\/p>\n\n<div class=\"wp-block-buttons\">\n<div class=\"wp-block-button is-style-outline\"><a class=\"wp-block-button__link\" href=\"https:\/\/washingtonsocialist.mdcdsa.org\/issues\" target=\"_blank\" rel=\"noreferrer noopener\">Archivo de ediciones<\/a><\/div>\n<\/div>\n<\/div>\n<\/div>\n\n<hr class=\"wp-block-separator is-style-default\">\n\n&nbsp;\n<div class=\"wp-block-media-text alignfull is-stacked-on-mobile\" style=\"grid-template-columns: 40% auto;\">\n<figure class=\"wp-block-media-text__media\"><img loading=\"lazy\" decoding=\"async\" width=\"1204\" height=\"672\" data-recalc-dims=\"1\" class=\"wp-image-65 \" src=\"https:\/\/i0.wp.com\/mdcdsa.org\/wp-content\/uploads\/2020\/07\/sns_panel.png?w=580&#038;ssl=1\" alt=\"\"><\/figure>\n<div class=\"wp-block-media-text__content\">\n<h4>Escuela nocturna<\/h4>\n<p class=\"has-small-font-size\" style=\"line-height: 1.1;\">Aprender y debatir la naturaleza y los principios de la ideolog\u00eda, la organizaci\u00f3n y la acci\u00f3n socialistas. Estos debates de grupo est\u00e1n dirigidos a antiguos y nuevos miembros.<\/p>\n\n<div class=\"wp-block-buttons\">\n<div class=\"wp-block-button is-style-outline\"><a class=\"wp-block-button__link\" href=\"https:\/\/mdcdsa.org\/es\/escuela-nocturna\/\">Acceso a las reuniones<\/a><\/div>\n<\/div>\n<\/div>\n<\/div>\n\n<hr class=\"wp-block-separator is-style-default\">\n\n<div class=\"wp-block-media-text alignfull is-stacked-on-mobile\" style=\"grid-template-columns: 40% auto;\">\n<figure class=\"wp-block-media-text__media\"><img loading=\"lazy\" decoding=\"async\" width=\"680\" height=\"383\" data-recalc-dims=\"1\" class=\"wp-image-67 size-full\" src=\"https:\/\/i0.wp.com\/mdcdsa.org\/wp-content\/uploads\/2020\/07\/01_defund-banner.jpg?w=580&#038;ssl=1\" alt=\"\"><\/figure>\n<div class=\"wp-block-media-text__content\">\n<h4>Desfinanciar el MPD<\/h4>\n<p class=\"has-small-font-size\" style=\"line-height: 1.1;\">Aqu\u00ed en DC, la polic\u00eda militarizada est\u00e1 aterrorizando a las comunidades negras y marrones en lugar de mantener a salvo a la gente. Su abultado presupuesto priva a nuestras comunidades de recursos y desv\u00eda dinero de programas de reducci\u00f3n de la violencia no policiales. Puede enviar una carta a la alcaldesa Bowser y al Consejo de Washington exigiendo que se financien programas sociales que beneficien directamente a los ciudadanos de DC.<\/p>\n\n<div class=\"wp-block-buttons\">\n<div class=\"wp-block-button is-style-outline\"><a class=\"wp-block-button__link\" href=\"https:\/\/mdcdsa.org\/defund-mpd\/\">Campa\u00f1a de desfinanciaci\u00f3n<\/a><\/div>\n<\/div>\n<\/div>\n<\/div>\n\n<hr class=\"wp-block-separator is-style-default\">\n\n<div class=\"wp-block-media-text alignfull is-stacked-on-mobile\" style=\"grid-template-columns: 40% auto;\">\n<figure class=\"wp-block-media-text__media\"><img decoding=\"async\" data-recalc-dims=\"1\" class=\"wp-image-67 size-full\" src=\"https:\/\/i0.wp.com\/mdcdsa.org\/wp-content\/uploads\/2020\/11\/joindsa.png?w=580&#038;ssl=1\" alt=\"\"><\/figure>\n<div class=\"wp-block-media-text__content\">\n<h4>100k Recruitment Drive: H\u00e1gase miembro de la DSA<\/h4>\n<p class=\"has-small-font-size\" style=\"line-height: 1.1;\">Unirse a DSA significa comprometerse con la cooperaci\u00f3n y la solidaridad. \u00danete y ay\u00fadanos a construir el poder de la clase trabajadora, a promover las ideas socialistas democr\u00e1ticas en Estados Unidos y a luchar por democratizar nuestra econom\u00eda y nuestra sociedad.<\/p>\n\n<div class=\"wp-block-buttons\">\n<div class=\"wp-block-button is-style-outline\"><a class=\"wp-block-button__link \" href=\"https:\/\/act.dsausa.org\/donate\/membership2020\/?source=metro+dc\">\u00danete ahora<\/a><\/div>\n<\/div>\n<\/div>\n<\/div>\n\n<hr class=\"wp-block-separator is-style-default\">\n\n<\/div>\n<\/div>\n<\/div>\n<\/div>\t\t\t\t\t\t\t\t<\/div>\n\t\t\t\t<\/div>\n\t\t\t\t\t<\/div>\n\t\t<\/div>\n\t\t\t\t\t<\/div>\n\t\t<\/section>\n\t\t\t\t<\/div>\n\t\t","protected":false},"excerpt":{"rendered":"<p>Secci\u00f3n local de la DSA para la regi\u00f3n de DC.<\/p>\n","protected":false},"author":189902086,"featured_media":5985,"parent":0,"menu_order":1,"comment_status":"closed","ping_status":"closed","template":"","meta":{"_coblocks_attr":"","_coblocks_dimensions":"","_coblocks_responsive_height":"","_coblocks_accordion_ie_support":"","_crdt_document":"","footnotes":""},"class_list":["post-14657","page","type-page","status-publish","has-post-thumbnail","hentry"],"yoast_head":"<!-- This site is optimized with the Yoast SEO plugin v27.4 - https:\/\/yoast.com\/product\/yoast-seo-wordpress\/ -->\n<title>Inicio - Metro DC Democratic Socialists of America<\/title>\n<meta name=\"robots\" content=\"index, follow, max-snippet:-1, max-image-preview:large, max-video-preview:-1\" \/>\n<link rel=\"canonical\" href=\"https:\/\/mdcdsa.org\/es\/\" \/>\n<meta property=\"og:locale\" content=\"es_ES\" \/>\n<meta property=\"og:type\" content=\"article\" \/>\n<meta property=\"og:title\" content=\"Inicio - Metro DC Democratic Socialists of America\" \/>\n<meta property=\"og:description\" content=\"Secci\u00f3n local de la DSA para la regi\u00f3n de DC.\" \/>\n<meta property=\"og:url\" content=\"https:\/\/mdcdsa.org\/es\/\" \/>\n<meta property=\"og:site_name\" content=\"Metro DC Democratic Socialists of America\" \/>\n<meta property=\"article:publisher\" content=\"https:\/\/www.facebook.com\/MetroDCDSA\/\" \/>\n<meta property=\"article:modified_time\" content=\"2024-03-21T00:34:01+00:00\" \/>\n<meta property=\"og:image\" content=\"https:\/\/mdcdsa.org\/wp-content\/uploads\/2021\/07\/logo_bolt.gif\" \/>\n\t<meta property=\"og:image:width\" content=\"705\" \/>\n\t<meta property=\"og:image:height\" content=\"705\" \/>\n\t<meta property=\"og:image:type\" content=\"image\/gif\" \/>\n<meta name=\"twitter:card\" content=\"summary_large_image\" \/>\n<meta name=\"twitter:site\" content=\"@mdc_dsa\" \/>\n<meta name=\"twitter:label1\" content=\"Tiempo de lectura\" \/>\n\t<meta name=\"twitter:data1\" content=\"2 minutos\" \/>\n<script type=\"application\/ld+json\" class=\"yoast-schema-graph\">{\"@context\":\"https:\\\/\\\/schema.org\",\"@graph\":[{\"@type\":\"WebPage\",\"@id\":\"https:\\\/\\\/mdcdsa.org\\\/es\\\/\",\"url\":\"https:\\\/\\\/mdcdsa.org\\\/es\\\/\",\"name\":\"Inicio - Metro DC Democratic Socialists of America\",\"isPartOf\":{\"@id\":\"\\\/#website\"},\"primaryImageOfPage\":{\"@id\":\"https:\\\/\\\/mdcdsa.org\\\/es\\\/#primaryimage\"},\"image\":{\"@id\":\"https:\\\/\\\/mdcdsa.org\\\/es\\\/#primaryimage\"},\"thumbnailUrl\":\"https:\\\/\\\/i0.wp.com\\\/mdcdsa.org\\\/wp-content\\\/uploads\\\/2021\\\/07\\\/logo_bolt.gif?fit=705%2C705&ssl=1\",\"datePublished\":\"2020-07-17T05:02:21+00:00\",\"dateModified\":\"2024-03-21T00:34:01+00:00\",\"breadcrumb\":{\"@id\":\"https:\\\/\\\/mdcdsa.org\\\/es\\\/#breadcrumb\"},\"inLanguage\":\"es\",\"potentialAction\":[{\"@type\":\"ReadAction\",\"target\":[\"https:\\\/\\\/mdcdsa.org\\\/es\\\/\"]}]},{\"@type\":\"ImageObject\",\"inLanguage\":\"es\",\"@id\":\"https:\\\/\\\/mdcdsa.org\\\/es\\\/#primaryimage\",\"url\":\"https:\\\/\\\/i0.wp.com\\\/mdcdsa.org\\\/wp-content\\\/uploads\\\/2021\\\/07\\\/logo_bolt.gif?fit=705%2C705&ssl=1\",\"contentUrl\":\"https:\\\/\\\/i0.wp.com\\\/mdcdsa.org\\\/wp-content\\\/uploads\\\/2021\\\/07\\\/logo_bolt.gif?fit=705%2C705&ssl=1\",\"width\":705,\"height\":705,\"caption\":\"Gif of a lightning bolt striking a rose on top of the Capitol Building\"},{\"@type\":\"BreadcrumbList\",\"@id\":\"https:\\\/\\\/mdcdsa.org\\\/es\\\/#breadcrumb\",\"itemListElement\":[{\"@type\":\"ListItem\",\"position\":1,\"name\":\"Home\",\"item\":\"https:\\\/\\\/mdcdsa.org\\\/es\\\/inicio\\\/\"},{\"@type\":\"ListItem\",\"position\":2,\"name\":\"Inicio\"}]},{\"@type\":\"WebSite\",\"@id\":\"\\\/#website\",\"url\":\"\\\/\",\"name\":\"Metro DC Democratic Socialists of America\",\"description\":\"\",\"publisher\":{\"@id\":\"\\\/#organization\"},\"potentialAction\":[{\"@type\":\"SearchAction\",\"target\":{\"@type\":\"EntryPoint\",\"urlTemplate\":\"\\\/?s={search_term_string}\"},\"query-input\":{\"@type\":\"PropertyValueSpecification\",\"valueRequired\":true,\"valueName\":\"search_term_string\"}}],\"inLanguage\":\"es\"},{\"@type\":\"Organization\",\"@id\":\"\\\/#organization\",\"name\":\"Metro DC Democratic Socialists of America\",\"url\":\"\\\/\",\"logo\":{\"@type\":\"ImageObject\",\"inLanguage\":\"es\",\"@id\":\"\\\/#\\\/schema\\\/logo\\\/image\\\/\",\"url\":\"https:\\\/\\\/i0.wp.com\\\/mdcdsa.org\\\/wp-content\\\/uploads\\\/2020\\\/07\\\/cropped-dcdsalogo-1.png?fit=90%2C90&ssl=1\",\"contentUrl\":\"https:\\\/\\\/i0.wp.com\\\/mdcdsa.org\\\/wp-content\\\/uploads\\\/2020\\\/07\\\/cropped-dcdsalogo-1.png?fit=90%2C90&ssl=1\",\"width\":90,\"height\":90,\"caption\":\"Metro DC Democratic Socialists of America\"},\"image\":{\"@id\":\"\\\/#\\\/schema\\\/logo\\\/image\\\/\"},\"sameAs\":[\"https:\\\/\\\/www.facebook.com\\\/MetroDCDSA\\\/\",\"https:\\\/\\\/x.com\\\/mdc_dsa\",\"https:\\\/\\\/www.instagram.com\\\/mdc_dsa\\\/?hl=en\"]}]}<\/script>\n<!-- \/ Yoast SEO plugin. -->","yoast_head_json":{"title":"Inicio - Metro DC Democratic Socialists of America","robots":{"index":"index","follow":"follow","max-snippet":"max-snippet:-1","max-image-preview":"max-image-preview:large","max-video-preview":"max-video-preview:-1"},"canonical":"https:\/\/mdcdsa.org\/es\/","og_locale":"es_ES","og_type":"article","og_title":"Inicio - Metro DC Democratic Socialists of America","og_description":"Secci\u00f3n local de la DSA para la regi\u00f3n de DC.","og_url":"https:\/\/mdcdsa.org\/es\/","og_site_name":"Metro DC Democratic Socialists of America","article_publisher":"https:\/\/www.facebook.com\/MetroDCDSA\/","article_modified_time":"2024-03-21T00:34:01+00:00","og_image":[{"width":705,"height":705,"url":"https:\/\/mdcdsa.org\/wp-content\/uploads\/2021\/07\/logo_bolt.gif","type":"image\/gif"}],"twitter_card":"summary_large_image","twitter_site":"@mdc_dsa","twitter_misc":{"Tiempo de lectura":"2 minutos"},"schema":{"@context":"https:\/\/schema.org","@graph":[{"@type":"WebPage","@id":"https:\/\/mdcdsa.org\/es\/","url":"https:\/\/mdcdsa.org\/es\/","name":"Inicio - Metro DC Democratic Socialists of America","isPartOf":{"@id":"\/#website"},"primaryImageOfPage":{"@id":"https:\/\/mdcdsa.org\/es\/#primaryimage"},"image":{"@id":"https:\/\/mdcdsa.org\/es\/#primaryimage"},"thumbnailUrl":"https:\/\/i0.wp.com\/mdcdsa.org\/wp-content\/uploads\/2021\/07\/logo_bolt.gif?fit=705%2C705&ssl=1","datePublished":"2020-07-17T05:02:21+00:00","dateModified":"2024-03-21T00:34:01+00:00","breadcrumb":{"@id":"https:\/\/mdcdsa.org\/es\/#breadcrumb"},"inLanguage":"es","potentialAction":[{"@type":"ReadAction","target":["https:\/\/mdcdsa.org\/es\/"]}]},{"@type":"ImageObject","inLanguage":"es","@id":"https:\/\/mdcdsa.org\/es\/#primaryimage","url":"https:\/\/i0.wp.com\/mdcdsa.org\/wp-content\/uploads\/2021\/07\/logo_bolt.gif?fit=705%2C705&ssl=1","contentUrl":"https:\/\/i0.wp.com\/mdcdsa.org\/wp-content\/uploads\/2021\/07\/logo_bolt.gif?fit=705%2C705&ssl=1","width":705,"height":705,"caption":"Gif of a lightning bolt striking a rose on top of the Capitol Building"},{"@type":"BreadcrumbList","@id":"https:\/\/mdcdsa.org\/es\/#breadcrumb","itemListElement":[{"@type":"ListItem","position":1,"name":"Home","item":"https:\/\/mdcdsa.org\/es\/inicio\/"},{"@type":"ListItem","position":2,"name":"Inicio"}]},{"@type":"WebSite","@id":"\/#website","url":"\/","name":"Metro DC Democratic Socialists of America","description":"","publisher":{"@id":"\/#organization"},"potentialAction":[{"@type":"SearchAction","target":{"@type":"EntryPoint","urlTemplate":"\/?s={search_term_string}"},"query-input":{"@type":"PropertyValueSpecification","valueRequired":true,"valueName":"search_term_string"}}],"inLanguage":"es"},{"@type":"Organization","@id":"\/#organization","name":"Metro DC Democratic Socialists of America","url":"\/","logo":{"@type":"ImageObject","inLanguage":"es","@id":"\/#\/schema\/logo\/image\/","url":"https:\/\/i0.wp.com\/mdcdsa.org\/wp-content\/uploads\/2020\/07\/cropped-dcdsalogo-1.png?fit=90%2C90&ssl=1","contentUrl":"https:\/\/i0.wp.com\/mdcdsa.org\/wp-content\/uploads\/2020\/07\/cropped-dcdsalogo-1.png?fit=90%2C90&ssl=1","width":90,"height":90,"caption":"Metro DC Democratic Socialists of America"},"image":{"@id":"\/#\/schema\/logo\/image\/"},"sameAs":["https:\/\/www.facebook.com\/MetroDCDSA\/","https:\/\/x.com\/mdc_dsa","https:\/\/www.instagram.com\/mdc_dsa\/?hl=en"]}]}},"jetpack_likes_enabled":true,"jetpack_sharing_enabled":true,"jetpack_shortlink":"https:\/\/wp.me\/PccCa7-3Op","_links":{"self":[{"href":"https:\/\/mdcdsa.org\/es\/wp-json\/wp\/v2\/pages\/14657","targetHints":{"allow":["GET"]}}],"collection":[{"href":"https:\/\/mdcdsa.org\/es\/wp-json\/wp\/v2\/pages"}],"about":[{"href":"https:\/\/mdcdsa.org\/es\/wp-json\/wp\/v2\/types\/page"}],"author":[{"embeddable":true,"href":"https:\/\/mdcdsa.org\/es\/wp-json\/wp\/v2\/users\/189902086"}],"replies":[{"embeddable":true,"href":"https:\/\/mdcdsa.org\/es\/wp-json\/wp\/v2\/comments?post=14657"}],"version-history":[{"count":3,"href":"https:\/\/mdcdsa.org\/es\/wp-json\/wp\/v2\/pages\/14657\/revisions"}],"predecessor-version":[{"id":14660,"href":"https:\/\/mdcdsa.org\/es\/wp-json\/wp\/v2\/pages\/14657\/revisions\/14660"}],"wp:featuredmedia":[{"embeddable":true,"href":"https:\/\/mdcdsa.org\/es\/wp-json\/wp\/v2\/media\/5985"}],"wp:attachment":[{"href":"https:\/\/mdcdsa.org\/es\/wp-json\/wp\/v2\/media?parent=14657"}],"curies":[{"name":"wp","href":"https:\/\/api.w.org\/{rel}","templated":true}]}}